{"id":33,"date":"2026-04-07T09:11:07","date_gmt":"2026-04-07T09:11:07","guid":{"rendered":"http:\/\/erbvmsv.cluster100.hosting.ovh.net\/?page_id=33"},"modified":"2026-04-13T14:50:11","modified_gmt":"2026-04-13T14:50:11","slug":"elevage-de-poneys-landais","status":"publish","type":"page","link":"http:\/\/erbvmsv.cluster100.hosting.ovh.net\/index.php\/elevage-de-poneys-landais\/","title":{"rendered":"\u00c9levage de poneys Landais"},"content":{"rendered":"\n<div class=\"wp-block-cover alignfull is-light has-contrast-color has-text-color has-link-color wp-elements-928798bcc8cece97e1c29f2ffa8cc9bf\" style=\"margin-top:0;margin-bottom:0;padding-top:var(--wp--preset--spacing--60);padding-right:var(--wp--preset--spacing--50);padding-bottom:var(--wp--preset--spacing--60);padding-left:var(--wp--preset--spacing--50)\"><span aria-hidden=\"true\" class=\"wp-block-cover__background has-base-background-color has-background-dim-100 has-background-dim\"><\/span><div class=\"wp-block-cover__inner-container has-global-padding is-layout-constrained wp-container-core-cover-is-layout-873ee6b1 wp-block-cover-is-layout-constrained\">\n<div class=\"wp-block-columns alignwide is-layout-flex wp-container-core-columns-is-layout-7ee84d44 wp-block-columns-is-layout-flex\">\n<div class=\"wp-block-column is-layout-flow wp-block-column-is-layout-flow\" style=\"flex-basis:65%\">\n<p>La race &#8220;poney Landais&#8221; est une race locale, parfaitement adapt\u00e9e au milieu inhospitalier des Landes. Elle a perdur\u00e9 malgr\u00e9 la pauvret\u00e9 des sols et le manque d&#8217;int\u00e9r\u00eat des habitants des Landes, jusque dans les ann\u00e9es 60. <\/p>\n\n\n\n<p>A cette \u00e9poque, le v\u00e9t\u00e9rinaire de Saubusse , le Dr Soul\u00e9, s&#8217;est inqui\u00e9t\u00e9 de voir la population de Landais des Barthes d\u00e9cliner, et a travaill\u00e9 avec les Haras Nationaux \u00e0 sa sauvegarde. <\/p>\n\n\n\n<p>Aujourd&#8217;hui la race compte des centaines de ponettes, des dizaines d&#8217;\u00e9talons, et entre 50 et 70 naissances par an.<\/p>\n\n\n\n<p>Le poney Landais est une race locale magnifique, connue dans toute la France mais h\u00e9las pas assez &#8230; dans les Landes. Il y avait m\u00eame un berceau (une souche) dans le village de Saint Julien jusque dans les ann\u00e9es 50. J&#8217;en \u00e9l\u00e8ve depuis 1994, et plus de 60 poulains Landais sont n\u00e9s \u00e0 ce jour au Grand Lio.<\/p>\n\n\n\n<p>Certains sont partis dans d&#8217;autres structures vivre leur vie de sport ou de loisir, d&#8217;autres sont rest\u00e9s ici, pour la reproduction ou le travail au sein du club.<\/p>\n\n\n\n<p>Plus d&#8217;infos sur la race ?  <strong>poneylandais.fr<\/strong>   bien s\u00fbr !<\/p>\n<\/div>\n\n\n\n<div class=\"wp-block-column is-layout-flow wp-block-column-is-layout-flow\" style=\"flex-basis:35%\">\n<div class=\"wp-block-group is-vertical is-content-justification-stretch is-nowrap is-layout-flex wp-container-core-group-is-layout-73b0033c wp-block-group-is-layout-flex\">\n<figure class=\"wp-block-image\"><img loading=\"lazy\" decoding=\"async\" width=\"2256\" height=\"1504\" src=\"https:\/\/erbvmsv.cluster100.hosting.ovh.net\/wp-content\/uploads\/2026\/04\/poney-club-0909-005.jpg\" alt=\"\" class=\"wp-image-55\" srcset=\"http:\/\/erbvmsv.cluster100.hosting.ovh.net\/wp-content\/uploads\/2026\/04\/poney-club-0909-005.jpg 2256w, http:\/\/erbvmsv.cluster100.hosting.ovh.net\/wp-content\/uploads\/2026\/04\/poney-club-0909-005-300x200.jpg 300w, http:\/\/erbvmsv.cluster100.hosting.ovh.net\/wp-content\/uploads\/2026\/04\/poney-club-0909-005-1024x683.jpg 1024w, http:\/\/erbvmsv.cluster100.hosting.ovh.net\/wp-content\/uploads\/2026\/04\/poney-club-0909-005-768x512.jpg 768w, http:\/\/erbvmsv.cluster100.hosting.ovh.net\/wp-content\/uploads\/2026\/04\/poney-club-0909-005-1536x1024.jpg 1536w, http:\/\/erbvmsv.cluster100.hosting.ovh.net\/wp-content\/uploads\/2026\/04\/poney-club-0909-005-2048x1365.jpg 2048w\" sizes=\"auto, (max-width: 2256px) 100vw, 2256px\" \/><\/figure>\n\n\n\n<p class=\"has-text-align-right has-x-large-font-size\" style=\"line-height:1.2\"><a href=\"#\">I<\/a><\/p>\n<\/div>\n<\/div>\n<\/div>\n<\/div><\/div>\n\n\n\n<figure class=\"wp-block-image size-large\"><img loading=\"lazy\" decoding=\"async\" width=\"683\" height=\"1024\" src=\"https:\/\/erbvmsv.cluster100.hosting.ovh.net\/wp-content\/uploads\/2026\/04\/khalife-2011-056-683x1024.jpg\" alt=\"\" class=\"wp-image-56\" srcset=\"http:\/\/erbvmsv.cluster100.hosting.ovh.net\/wp-content\/uploads\/2026\/04\/khalife-2011-056-683x1024.jpg 683w, http:\/\/erbvmsv.cluster100.hosting.ovh.net\/wp-content\/uploads\/2026\/04\/khalife-2011-056-200x300.jpg 200w, http:\/\/erbvmsv.cluster100.hosting.ovh.net\/wp-content\/uploads\/2026\/04\/khalife-2011-056-768x1152.jpg 768w, http:\/\/erbvmsv.cluster100.hosting.ovh.net\/wp-content\/uploads\/2026\/04\/khalife-2011-056-1024x1536.jpg 1024w, http:\/\/erbvmsv.cluster100.hosting.ovh.net\/wp-content\/uploads\/2026\/04\/khalife-2011-056-1365x2048.jpg 1365w, http:\/\/erbvmsv.cluster100.hosting.ovh.net\/wp-content\/uploads\/2026\/04\/khalife-2011-056.jpg 1504w\" sizes=\"auto, (max-width: 683px) 100vw, 683px\" \/><\/figure>\n\n\n\n<figure class=\"wp-block-image size-full\"><img loading=\"lazy\" decoding=\"async\" width=\"800\" height=\"533\" src=\"https:\/\/erbvmsv.cluster100.hosting.ovh.net\/wp-content\/uploads\/2026\/04\/poulichejadepte.jpg\" alt=\"\" class=\"wp-image-57\" srcset=\"http:\/\/erbvmsv.cluster100.hosting.ovh.net\/wp-content\/uploads\/2026\/04\/poulichejadepte.jpg 800w, http:\/\/erbvmsv.cluster100.hosting.ovh.net\/wp-content\/uploads\/2026\/04\/poulichejadepte-300x200.jpg 300w, http:\/\/erbvmsv.cluster100.hosting.ovh.net\/wp-content\/uploads\/2026\/04\/poulichejadepte-768x512.jpg 768w\" sizes=\"auto, (max-width: 800px) 100vw, 800px\" \/><\/figure>\n\n\n\n<p>La repr\u00e9sentante la plus remarquable de l&#8217;\u00e9levage du Lio : <\/p>\n\n\n\n<p>Callas du Lio, vice-championne d&#8217;Europe de pony-games en 2023, et <strong>m\u00e9daille de Bronze aux Championnats du Monde de Pony-Games en paires en 2025.<\/strong><\/p>\n\n\n\n<figure class=\"wp-block-gallery has-nested-images columns-default is-cropped wp-block-gallery-1 is-layout-flex wp-block-gallery-is-layout-flex\">\n<figure class=\"wp-block-image size-large\"><img loading=\"lazy\" decoding=\"async\" width=\"683\" height=\"1024\" data-id=\"93\" src=\"https:\/\/erbvmsv.cluster100.hosting.ovh.net\/wp-content\/uploads\/2026\/04\/pouliche-Jade-029-683x1024.jpg\" alt=\"\" class=\"wp-image-93\" srcset=\"http:\/\/erbvmsv.cluster100.hosting.ovh.net\/wp-content\/uploads\/2026\/04\/pouliche-Jade-029-683x1024.jpg 683w, http:\/\/erbvmsv.cluster100.hosting.ovh.net\/wp-content\/uploads\/2026\/04\/pouliche-Jade-029-200x300.jpg 200w, http:\/\/erbvmsv.cluster100.hosting.ovh.net\/wp-content\/uploads\/2026\/04\/pouliche-Jade-029-768x1152.jpg 768w, http:\/\/erbvmsv.cluster100.hosting.ovh.net\/wp-content\/uploads\/2026\/04\/pouliche-Jade-029-1024x1536.jpg 1024w, http:\/\/erbvmsv.cluster100.hosting.ovh.net\/wp-content\/uploads\/2026\/04\/pouliche-Jade-029-1365x2048.jpg 1365w, http:\/\/erbvmsv.cluster100.hosting.ovh.net\/wp-content\/uploads\/2026\/04\/pouliche-Jade-029.jpg 1504w\" sizes=\"auto, (max-width: 683px) 100vw, 683px\" \/><\/figure>\n\n\n\n<figure class=\"wp-block-image size-large\"><img loading=\"lazy\" decoding=\"async\" width=\"1024\" height=\"682\" data-id=\"94\" src=\"https:\/\/erbvmsv.cluster100.hosting.ovh.net\/wp-content\/uploads\/2026\/04\/95d384de-458c-40b2-b300-4808937d1a6c-1024x682.jpg\" alt=\"\" class=\"wp-image-94\" srcset=\"http:\/\/erbvmsv.cluster100.hosting.ovh.net\/wp-content\/uploads\/2026\/04\/95d384de-458c-40b2-b300-4808937d1a6c-1024x682.jpg 1024w, http:\/\/erbvmsv.cluster100.hosting.ovh.net\/wp-content\/uploads\/2026\/04\/95d384de-458c-40b2-b300-4808937d1a6c-300x200.jpg 300w, http:\/\/erbvmsv.cluster100.hosting.ovh.net\/wp-content\/uploads\/2026\/04\/95d384de-458c-40b2-b300-4808937d1a6c-768x511.jpg 768w, http:\/\/erbvmsv.cluster100.hosting.ovh.net\/wp-content\/uploads\/2026\/04\/95d384de-458c-40b2-b300-4808937d1a6c-1536x1022.jpg 1536w, http:\/\/erbvmsv.cluster100.hosting.ovh.net\/wp-content\/uploads\/2026\/04\/95d384de-458c-40b2-b300-4808937d1a6c.jpg 1600w\" sizes=\"auto, (max-width: 1024px) 100vw, 1024px\" \/><\/figure>\n<\/figure>\n\n\n\n<figure class=\"wp-block-gallery has-nested-images columns-default is-cropped wp-block-gallery-2 is-layout-flex wp-block-gallery-is-layout-flex\">\n<figure class=\"wp-block-image size-large\"><img loading=\"lazy\" decoding=\"async\" width=\"768\" height=\"1024\" data-id=\"97\" src=\"https:\/\/erbvmsv.cluster100.hosting.ovh.net\/wp-content\/uploads\/2026\/04\/IMG_6833-768x1024.jpg\" alt=\"\" class=\"wp-image-97\" srcset=\"http:\/\/erbvmsv.cluster100.hosting.ovh.net\/wp-content\/uploads\/2026\/04\/IMG_6833-768x1024.jpg 768w, http:\/\/erbvmsv.cluster100.hosting.ovh.net\/wp-content\/uploads\/2026\/04\/IMG_6833-225x300.jpg 225w, http:\/\/erbvmsv.cluster100.hosting.ovh.net\/wp-content\/uploads\/2026\/04\/IMG_6833-1152x1536.jpg 1152w, http:\/\/erbvmsv.cluster100.hosting.ovh.net\/wp-content\/uploads\/2026\/04\/IMG_6833-1536x2048.jpg 1536w, http:\/\/erbvmsv.cluster100.hosting.ovh.net\/wp-content\/uploads\/2026\/04\/IMG_6833-scaled.jpg 1920w\" sizes=\"auto, (max-width: 768px) 100vw, 768px\" \/><\/figure>\n\n\n\n<figure class=\"wp-block-image size-large\"><img loading=\"lazy\" decoding=\"async\" width=\"1024\" height=\"682\" data-id=\"96\" src=\"https:\/\/erbvmsv.cluster100.hosting.ovh.net\/wp-content\/uploads\/2026\/04\/IMG_0029-1-1024x682.jpg\" alt=\"\" class=\"wp-image-96\" srcset=\"http:\/\/erbvmsv.cluster100.hosting.ovh.net\/wp-content\/uploads\/2026\/04\/IMG_0029-1-1024x682.jpg 1024w, http:\/\/erbvmsv.cluster100.hosting.ovh.net\/wp-content\/uploads\/2026\/04\/IMG_0029-1-300x200.jpg 300w, http:\/\/erbvmsv.cluster100.hosting.ovh.net\/wp-content\/uploads\/2026\/04\/IMG_0029-1-768x512.jpg 768w, http:\/\/erbvmsv.cluster100.hosting.ovh.net\/wp-content\/uploads\/2026\/04\/IMG_0029-1-1536x1023.jpg 1536w, http:\/\/erbvmsv.cluster100.hosting.ovh.net\/wp-content\/uploads\/2026\/04\/IMG_0029-1.jpg 2048w\" sizes=\"auto, (max-width: 1024px) 100vw, 1024px\" \/><\/figure>\n<\/figure>\n\n\n\n<figure class=\"wp-block-image size-large\"><img loading=\"lazy\" decoding=\"async\" width=\"1024\" height=\"684\" src=\"https:\/\/erbvmsv.cluster100.hosting.ovh.net\/wp-content\/uploads\/2026\/04\/IMG_1814-1024x684.jpg\" alt=\"\" class=\"wp-image-98\" srcset=\"http:\/\/erbvmsv.cluster100.hosting.ovh.net\/wp-content\/uploads\/2026\/04\/IMG_1814-1024x684.jpg 1024w, http:\/\/erbvmsv.cluster100.hosting.ovh.net\/wp-content\/uploads\/2026\/04\/IMG_1814-300x200.jpg 300w, http:\/\/erbvmsv.cluster100.hosting.ovh.net\/wp-content\/uploads\/2026\/04\/IMG_1814-768x513.jpg 768w, http:\/\/erbvmsv.cluster100.hosting.ovh.net\/wp-content\/uploads\/2026\/04\/IMG_1814-1536x1025.jpg 1536w, http:\/\/erbvmsv.cluster100.hosting.ovh.net\/wp-content\/uploads\/2026\/04\/IMG_1814.jpg 2048w\" sizes=\"auto, (max-width: 1024px) 100vw, 1024px\" \/><\/figure>\n\n\n\n<p><\/p>\n","protected":false},"excerpt":{"rendered":"<p>La repr\u00e9sentante la plus remarquable de l&#8217;\u00e9levage du Lio : Callas du Lio, vice-championne d&#8217;Europe de pony-games en 2023, et m\u00e9daille de Bronze aux Championnats du Monde de Pony-Games en paires en 2025.<\/p>\n","protected":false},"author":1,"featured_media":0,"parent":0,"menu_order":0,"comment_status":"closed","ping_status":"closed","template":"","meta":{"footnotes":""},"class_list":["post-33","page","type-page","status-publish","hentry"],"_links":{"self":[{"href":"http:\/\/erbvmsv.cluster100.hosting.ovh.net\/index.php\/wp-json\/wp\/v2\/pages\/33","targetHints":{"allow":["GET"]}}],"collection":[{"href":"http:\/\/erbvmsv.cluster100.hosting.ovh.net\/index.php\/wp-json\/wp\/v2\/pages"}],"about":[{"href":"http:\/\/erbvmsv.cluster100.hosting.ovh.net\/index.php\/wp-json\/wp\/v2\/types\/page"}],"author":[{"embeddable":true,"href":"http:\/\/erbvmsv.cluster100.hosting.ovh.net\/index.php\/wp-json\/wp\/v2\/users\/1"}],"replies":[{"embeddable":true,"href":"http:\/\/erbvmsv.cluster100.hosting.ovh.net\/index.php\/wp-json\/wp\/v2\/comments?post=33"}],"version-history":[{"count":4,"href":"http:\/\/erbvmsv.cluster100.hosting.ovh.net\/index.php\/wp-json\/wp\/v2\/pages\/33\/revisions"}],"predecessor-version":[{"id":112,"href":"http:\/\/erbvmsv.cluster100.hosting.ovh.net\/index.php\/wp-json\/wp\/v2\/pages\/33\/revisions\/112"}],"wp:attachment":[{"href":"http:\/\/erbvmsv.cluster100.hosting.ovh.net\/index.php\/wp-json\/wp\/v2\/media?parent=33"}],"curies":[{"name":"wp","href":"https:\/\/api.w.org\/{rel}","templated":true}]}}