{"id":3,"date":"2026-04-05T18:14:15","date_gmt":"2026-04-05T18:14:15","guid":{"rendered":"http:\/\/erbvmsv.cluster100.hosting.ovh.net\/?page_id=3"},"modified":"2026-04-07T09:19:21","modified_gmt":"2026-04-07T09:19:21","slug":"privacy-policy","status":"publish","type":"page","link":"http:\/\/erbvmsv.cluster100.hosting.ovh.net\/index.php\/privacy-policy\/","title":{"rendered":"Activit\u00e9s propos\u00e9es"},"content":{"rendered":"\n<h2 class=\"wp-block-heading\"><strong>une \u00e9cole de la vie en harmonie avec les poneys, pour qu&#8217;eux aussi passent de bons moments avec nous, sans crainte, sans souffrance, dans le respect de leurs besoins vitaux.<\/strong><\/h2>\n\n\n\n<figure class=\"wp-block-image size-large\"><img loading=\"lazy\" decoding=\"async\" width=\"1024\" height=\"668\" src=\"https:\/\/erbvmsv.cluster100.hosting.ovh.net\/wp-content\/uploads\/2026\/04\/Numeriser0039-1024x668.jpg\" alt=\"\" class=\"wp-image-62\" srcset=\"http:\/\/erbvmsv.cluster100.hosting.ovh.net\/wp-content\/uploads\/2026\/04\/Numeriser0039-1024x668.jpg 1024w, http:\/\/erbvmsv.cluster100.hosting.ovh.net\/wp-content\/uploads\/2026\/04\/Numeriser0039-300x196.jpg 300w, http:\/\/erbvmsv.cluster100.hosting.ovh.net\/wp-content\/uploads\/2026\/04\/Numeriser0039-768x501.jpg 768w, http:\/\/erbvmsv.cluster100.hosting.ovh.net\/wp-content\/uploads\/2026\/04\/Numeriser0039.jpg 1503w\" sizes=\"auto, (max-width: 1024px) 100vw, 1024px\" \/><\/figure>\n\n\n\n<p><strong>chacun son regard<\/strong><\/p>\n\n\n\n<p><strong>tout le monde n&#8217;a pas le m\u00eame projet avec les poneys. Les enfants sont heureux de ne pas \u00eatre bouscul\u00e9s dans leur r\u00eave de complicit\u00e9 avec leur poney.<br>Les parents sont rassur\u00e9s de voir leurs enfants en s\u00e9curit\u00e9 sur des poneys gentils et calmes.<\/strong><\/p>\n\n\n\n<p><strong>chacun son rythme<\/strong><\/p>\n\n\n\n<p><strong>Monter sur un poney, c&#8217;est d\u00e9j\u00e0 se d\u00e9passer. Mais on peut vivre plein d&#8217;autres moments avec lui, sans le monter, faire des exercices \u00e0 pied \u00e0 ses c\u00f4t\u00e9s, ou bien s&#8217;en occuper \u00e0 l&#8217;\u00e9curie&#8230; Nous ne valorisons aucun moment plus qu&#8217;un autre, chacun son choix.<\/strong><\/p>\n\n\n\n<h2 class=\"wp-block-heading\">Les activit\u00e9s propos\u00e9es<\/h2>\n\n\n\n<p><strong>Les enfants et les adultes que nous accueillons sont invit\u00e9s \u00e0 nous dire ce qu&#8217;ils veulent faire, et aussi ce qu&#8217;ils ne veulent surtout pas faire. Ensuite nous leur proposons plusieurs approches conformes \u00e0 leurs voeux.<\/strong><\/p>\n\n\n\n<p><img loading=\"lazy\" decoding=\"async\" width=\"210\" height=\"140\" class=\"wp-image-38\" style=\"width: 210px;\" src=\"http:\/\/erbvmsv.cluster100.hosting.ovh.net\/wp-content\/uploads\/2026\/04\/poney-club-0909-024.jpg\" alt=\"\" srcset=\"http:\/\/erbvmsv.cluster100.hosting.ovh.net\/wp-content\/uploads\/2026\/04\/poney-club-0909-024.jpg 2256w, http:\/\/erbvmsv.cluster100.hosting.ovh.net\/wp-content\/uploads\/2026\/04\/poney-club-0909-024-300x200.jpg 300w, http:\/\/erbvmsv.cluster100.hosting.ovh.net\/wp-content\/uploads\/2026\/04\/poney-club-0909-024-1024x683.jpg 1024w, http:\/\/erbvmsv.cluster100.hosting.ovh.net\/wp-content\/uploads\/2026\/04\/poney-club-0909-024-768x512.jpg 768w, http:\/\/erbvmsv.cluster100.hosting.ovh.net\/wp-content\/uploads\/2026\/04\/poney-club-0909-024-1536x1024.jpg 1536w, http:\/\/erbvmsv.cluster100.hosting.ovh.net\/wp-content\/uploads\/2026\/04\/poney-club-0909-024-2048x1365.jpg 2048w\" sizes=\"auto, (max-width: 210px) 100vw, 210px\" \/><\/p>\n\n\n\n<h2 class=\"wp-block-heading\">Equitation \u00e9thologique<\/h2>\n\n\n\n<p><strong>Form\u00e9e depuis 2005 \u00e0 cette pratique respectueuse des chevaux, j&#8217;en applique les principes \u00e0 ma cavalerie, et je propose aux cavaliers de d\u00e9couvrir leurs montures avec cette approche.<\/strong><strong><br>Les points-cl\u00e9s : respect mutuel, confiance acquise (et non d\u00e9cr\u00e9t\u00e9e), connexion si tout va bien.<br>Les chevaux sont vivants et nous devons tenir compte de leurs besoins et parler leur langage, pour ne pas abuser de leur gentillesse.<\/strong><\/p>\n\n\n\n<figure class=\"wp-block-image size-large\"><img loading=\"lazy\" decoding=\"async\" width=\"1024\" height=\"768\" src=\"https:\/\/erbvmsv.cluster100.hosting.ovh.net\/wp-content\/uploads\/2026\/04\/P1120426-copie-1024x768.jpg\" alt=\"\" class=\"wp-image-39\" srcset=\"http:\/\/erbvmsv.cluster100.hosting.ovh.net\/wp-content\/uploads\/2026\/04\/P1120426-copie-1024x768.jpg 1024w, http:\/\/erbvmsv.cluster100.hosting.ovh.net\/wp-content\/uploads\/2026\/04\/P1120426-copie-300x225.jpg 300w, http:\/\/erbvmsv.cluster100.hosting.ovh.net\/wp-content\/uploads\/2026\/04\/P1120426-copie-768x576.jpg 768w, http:\/\/erbvmsv.cluster100.hosting.ovh.net\/wp-content\/uploads\/2026\/04\/P1120426-copie-1536x1152.jpg 1536w, http:\/\/erbvmsv.cluster100.hosting.ovh.net\/wp-content\/uploads\/2026\/04\/P1120426-copie-2048x1536.jpg 2048w\" sizes=\"auto, (max-width: 1024px) 100vw, 1024px\" \/><\/figure>\n\n\n\n<h3 class=\"wp-block-heading\"><strong>UNE \u00c9QUITATION D\u00c9TENDUE<\/strong><\/h3>\n\n\n\n<p><strong>En d\u00e9couvrant les poneys et les chevaux en douceur, les cavaliers du Grand Lio travaillent sur leur rel\u00e2chement, et profitent de s\u00e9ances personnalis\u00e9es, avec une progression choisie.&nbsp;<\/strong><\/p>\n\n\n\n<h1 class=\"wp-block-heading\">Le jeu<\/h1>\n\n\n\n<p><strong>Le jeu est souvent recommand\u00e9 pour les enfants, pourtant il peut provoquer&nbsp; de la souffrance pour le poney s&#8217;il est mal encadr\u00e9, ou mal choisi. Au Grand Lio, nous utilisons le jeu en \u00e9vitant toute forme de concurrence entre les cavaliers, sans enjeu, sans chronom\u00e8tre, sans \u00e9mulation, simplement le jeu pour sa dimension imaginaire. Ainsi le poney est valoris\u00e9, respect\u00e9, et il joue aussi.<\/strong><\/p>\n\n\n\n<figure class=\"wp-block-image size-large\"><img loading=\"lazy\" decoding=\"async\" width=\"1024\" height=\"682\" src=\"https:\/\/erbvmsv.cluster100.hosting.ovh.net\/wp-content\/uploads\/2026\/04\/IMG_0029-1024x682.jpg\" alt=\"\" class=\"wp-image-40\" srcset=\"http:\/\/erbvmsv.cluster100.hosting.ovh.net\/wp-content\/uploads\/2026\/04\/IMG_0029-1024x682.jpg 1024w, http:\/\/erbvmsv.cluster100.hosting.ovh.net\/wp-content\/uploads\/2026\/04\/IMG_0029-300x200.jpg 300w, http:\/\/erbvmsv.cluster100.hosting.ovh.net\/wp-content\/uploads\/2026\/04\/IMG_0029-768x512.jpg 768w, http:\/\/erbvmsv.cluster100.hosting.ovh.net\/wp-content\/uploads\/2026\/04\/IMG_0029-1536x1023.jpg 1536w, http:\/\/erbvmsv.cluster100.hosting.ovh.net\/wp-content\/uploads\/2026\/04\/IMG_0029.jpg 2048w\" sizes=\"auto, (max-width: 1024px) 100vw, 1024px\" \/><\/figure>\n\n\n\n<h1 class=\"wp-block-heading\">un parti pris : le respect des poneys<\/h1>\n\n\n\n<p><strong>Mon premier souci : le bien-\u00eatre de tous. Il y a tellement de clubs o\u00f9 les poneys sont les souffre-douleurs des enfants et des enseignants, que j&#8217;ai choisi de consacrer mon enseignement \u00e0 mieux les faire conna\u00eetre, aimer, et comprendre par les cavaliers.&nbsp;<\/strong><strong><br>Un poney est un \u00eatre vivant, c&#8217;est-\u00e0-dire qu&#8217;il per\u00e7oit comme nous, peut-\u00eatre plus, la douleur et la peur. Aussi je m&#8217;efforce de leur \u00e9viter les situations inqui\u00e9tantes, ou inconfortables, et je fais de m\u00eame pour les enfants.&nbsp;<br>Cela permet \u00e0 tous de se c\u00f4toyer paisiblement.<\/strong><\/p>\n\n\n\n<h2 class=\"wp-block-heading\"><\/h2>\n\n\n\n<p><\/p>\n","protected":false},"excerpt":{"rendered":"<p>une \u00e9cole de la vie en harmonie avec les poneys, pour qu&#8217;eux aussi passent de bons moments avec nous, sans crainte, sans souffrance, dans le respect de leurs besoins vitaux. chacun son regard tout le monde n&#8217;a pas le m\u00eame projet avec les poneys. Les enfants sont heureux de ne pas \u00eatre bouscul\u00e9s dans leur [&hellip;]<\/p>\n","protected":false},"author":1,"featured_media":0,"parent":0,"menu_order":0,"comment_status":"closed","ping_status":"open","template":"","meta":{"footnotes":""},"class_list":["post-3","page","type-page","status-publish","hentry"],"_links":{"self":[{"href":"http:\/\/erbvmsv.cluster100.hosting.ovh.net\/index.php\/wp-json\/wp\/v2\/pages\/3","targetHints":{"allow":["GET"]}}],"collection":[{"href":"http:\/\/erbvmsv.cluster100.hosting.ovh.net\/index.php\/wp-json\/wp\/v2\/pages"}],"about":[{"href":"http:\/\/erbvmsv.cluster100.hosting.ovh.net\/index.php\/wp-json\/wp\/v2\/types\/page"}],"author":[{"embeddable":true,"href":"http:\/\/erbvmsv.cluster100.hosting.ovh.net\/index.php\/wp-json\/wp\/v2\/users\/1"}],"replies":[{"embeddable":true,"href":"http:\/\/erbvmsv.cluster100.hosting.ovh.net\/index.php\/wp-json\/wp\/v2\/comments?post=3"}],"version-history":[{"count":2,"href":"http:\/\/erbvmsv.cluster100.hosting.ovh.net\/index.php\/wp-json\/wp\/v2\/pages\/3\/revisions"}],"predecessor-version":[{"id":63,"href":"http:\/\/erbvmsv.cluster100.hosting.ovh.net\/index.php\/wp-json\/wp\/v2\/pages\/3\/revisions\/63"}],"wp:attachment":[{"href":"http:\/\/erbvmsv.cluster100.hosting.ovh.net\/index.php\/wp-json\/wp\/v2\/media?parent=3"}],"curies":[{"name":"wp","href":"https:\/\/api.w.org\/{rel}","templated":true}]}}